{"id":25,"date":"2019-12-28T20:58:36","date_gmt":"2019-12-28T20:58:36","guid":{"rendered":"http:\/\/xn--getriebesplung-psb.com\/?page_id=25"},"modified":"2020-01-07T18:36:06","modified_gmt":"2020-01-07T18:36:06","slug":"funktionsweise","status":"publish","type":"page","link":"http:\/\/xn--getriebesplung-psb.com\/","title":{"rendered":"Funktionsweise"},"content":{"rendered":"\n<h1>Probleme mit dem Automatikgetriebe<\/h1>\n\n\n\n<p>Ruckelt ihr Automatikgetriebe?<br>Sind die Schaltvorg\u00e4nge ungleichm\u00e4\u00dfig?<br>Vibriert ihr Schalthebel?<\/p>\n\n\n\n<p>Dann sind Sie hier genau richtig!<br><br>Moderne Automatikgetriebe unterliegen heutzutage h\u00f6chsten Beanspruchungen. Immer leistungsst\u00e4rkere Motoren mit h\u00f6herem Drehmoment und ein Anstieg der&nbsp; Schaltvorg\u00e4nge lassen das Getriebe\u00f6l verschlei\u00dfen.<br>Ablagerungen f\u00fchren dann zu vermehrten Ruckeln, Schaltverz\u00f6gerungen oder ungew\u00f6hnlichen Vibrationen.<\/p>\n\n\n\n<p><strong>Aber mein Getriebe ist doch wartungsfrei?<\/strong><br>Ein automatisches Getriebe, dessen \u00d6l nie gewechselt werden muss? Der Hersteller und Ihr H\u00e4ndler sagen das ist wahr! Fakt ist aber, dass gerade wegen der Verschmutzung des Getriebe\u00f6les (durch Verschlei\u00df) \u00d6lkan\u00e4le verstopfen und die Lamellen verschmutzen. Dies kann schlie\u00dflich dazu f\u00fchren, dass der Automat erneuert, \u00fcberholt oder anderweitig repariert werden muss, was zu Kosten von mehreren Tausend Euro f\u00fchren kann.<br>Dies kann auch bei niedrigeren Kilometerst\u00e4nden auftreten. Aus diesem Grund ist es wichtig, dass ein Automatik- oder DSG Getriebe von Zeit zu Zeit professionell gesp\u00fclt wird. <\/p>\n\n\n\n<p>Eine Automatikgetriebesp\u00fclung sollte deshalb regelm\u00e4\u00dfig, <strong>alle 60 000 km<\/strong> durchgef\u00fchrt werden, um Sp\u00e4tfolgen bis hin zum Totalausfall zu vermeiden. Dabei werden unter festgelegten Parametern alle Ablagerungen und R\u00fcckst\u00e4nde schonend aus dem Automatikgetriebe entfernt.<\/p>\n","protected":false},"excerpt":{"rendered":"<p>Probleme mit dem Automatikgetriebe Ruckelt ihr Automatikgetriebe?Sind die Schaltvorg\u00e4nge ungleichm\u00e4\u00dfig?Vibriert ihr Schalthebel? Dann sind Sie hier genau richtig! Moderne Automatikgetriebe unterliegen heutzutage h\u00f6chsten Beanspruchungen. Immer leistungsst\u00e4rkere Motoren mit h\u00f6herem Drehmoment und ein Anstieg der&nbsp; Schaltvorg\u00e4nge lassen das Getriebe\u00f6l verschlei\u00dfen.Ablagerungen f\u00fchren dann zu vermehrten Ruckeln, Schaltverz\u00f6gerungen oder ungew\u00f6hnlichen Vibrationen. Aber mein Getriebe ist doch wartungsfrei?Ein automatisches &hellip; <\/p>\n<p class=\"link-more\"><a href=\"http:\/\/xn--getriebesplung-psb.com\/\" class=\"more-link\"><span class=\"screen-reader-text\">\u201eFunktionsweise\u201c<\/span> weiterlesen<\/a><\/p>\n","protected":false},"author":2,"featured_media":0,"parent":0,"menu_order":0,"comment_status":"closed","ping_status":"closed","template":"template-fullwidth.php","meta":[],"_links":{"self":[{"href":"http:\/\/xn--getriebesplung-psb.com\/index.php?rest_route=\/wp\/v2\/pages\/25"}],"collection":[{"href":"http:\/\/xn--getriebesplung-psb.com\/index.php?rest_route=\/wp\/v2\/pages"}],"about":[{"href":"http:\/\/xn--getriebesplung-psb.com\/index.php?rest_route=\/wp\/v2\/types\/page"}],"author":[{"embeddable":true,"href":"http:\/\/xn--getriebesplung-psb.com\/index.php?rest_route=\/wp\/v2\/users\/2"}],"replies":[{"embeddable":true,"href":"http:\/\/xn--getriebesplung-psb.com\/index.php?rest_route=%2Fwp%2Fv2%2Fcomments&post=25"}],"version-history":[{"count":8,"href":"http:\/\/xn--getriebesplung-psb.com\/index.php?rest_route=\/wp\/v2\/pages\/25\/revisions"}],"predecessor-version":[{"id":74,"href":"http:\/\/xn--getriebesplung-psb.com\/index.php?rest_route=\/wp\/v2\/pages\/25\/revisions\/74"}],"wp:attachment":[{"href":"http:\/\/xn--getriebesplung-psb.com\/index.php?rest_route=%2Fwp%2Fv2%2Fmedia&parent=25"}],"curies":[{"name":"wp","href":"https:\/\/api.w.org\/{rel}","templated":true}]}}